{"id":1443,"date":"2022-10-16T17:04:29","date_gmt":"2022-10-16T15:04:29","guid":{"rendered":"https:\/\/lesannapurna.fr\/?page_id=1443"},"modified":"2022-10-16T17:04:30","modified_gmt":"2022-10-16T15:04:30","slug":"maintenance","status":"publish","type":"page","link":"https:\/\/lesannapurna.fr\/index.php\/maintenance\/","title":{"rendered":"MAINTENANCE"},"content":{"rendered":"\n<p>Le site d&rsquo;ANNAPURNA LODGE est momentan\u00e9ment hors d&rsquo;acc\u00e8s pour des raisons de maintenaces.<\/p>\n\n\n\n<p>Veuillez nous excuser pour le d\u00e9sagr\u00e9ment, et r\u00e9essayer plus tard. Merci de votre compr\u00e9hension.<\/p>\n\n\n\n<p>L&rsquo;\u00e9quipe ANNAPURNA LODGE<\/p>\n","protected":false},"excerpt":{"rendered":"<p>Le site d&rsquo;ANNAPURNA LODGE est momentan\u00e9ment hors d&rsquo;acc\u00e8s pour des raisons de maintenaces. Veuillez nous excuser pour le d\u00e9sagr\u00e9ment, et r\u00e9essayer plus tard. Merci de votre compr\u00e9hension. L&rsquo;\u00e9quipe ANNAPURNA LODGE<\/p>\n","protected":false},"author":1,"featured_media":0,"parent":0,"menu_order":0,"comment_status":"closed","ping_status":"closed","template":"","meta":{"footnotes":""},"class_list":["post-1443","page","type-page","status-publish","hentry"],"acf":[],"_links":{"self":[{"href":"https:\/\/lesannapurna.fr\/index.php\/wp-json\/wp\/v2\/pages\/1443","targetHints":{"allow":["GET"]}}],"collection":[{"href":"https:\/\/lesannapurna.fr\/index.php\/wp-json\/wp\/v2\/pages"}],"about":[{"href":"https:\/\/lesannapurna.fr\/index.php\/wp-json\/wp\/v2\/types\/page"}],"author":[{"embeddable":true,"href":"https:\/\/lesannapurna.fr\/index.php\/wp-json\/wp\/v2\/users\/1"}],"replies":[{"embeddable":true,"href":"https:\/\/lesannapurna.fr\/index.php\/wp-json\/wp\/v2\/comments?post=1443"}],"version-history":[{"count":1,"href":"https:\/\/lesannapurna.fr\/index.php\/wp-json\/wp\/v2\/pages\/1443\/revisions"}],"predecessor-version":[{"id":1444,"href":"https:\/\/lesannapurna.fr\/index.php\/wp-json\/wp\/v2\/pages\/1443\/revisions\/1444"}],"wp:attachment":[{"href":"https:\/\/lesannapurna.fr\/index.php\/wp-json\/wp\/v2\/media?parent=1443"}],"curies":[{"name":"wp","href":"https:\/\/api.w.org\/{rel}","templated":true}]}}